{"id":1504,"date":"2024-01-15T12:17:03","date_gmt":"2024-01-15T12:17:03","guid":{"rendered":"https:\/\/xixerellapark.com\/apartamentos-en-andorra-2\/"},"modified":"2024-07-29T09:14:43","modified_gmt":"2024-07-29T09:14:43","slug":"el-restaurante-de-xixerella-park","status":"publish","type":"page","link":"https:\/\/xixerellapark.com\/cat\/el-restaurante-de-xixerella-park\/","title":{"rendered":"El restaurant de Xixerella Park"},"content":{"rendered":"\t\t<div data-elementor-type=\"wp-page\" data-elementor-id=\"1504\" class=\"elementor elementor-1504\" data-elementor-post-type=\"page\">\n\t\t\t\t<div class=\"elementor-element elementor-element-4b59266 e-flex e-con-boxed e-con e-parent\" data-id=\"4b59266\" data-element_type=\"container\" data-e-type=\"container\" data-settings=\"{&quot;background_background&quot;:&quot;classic&quot;}\">\n\t\t\t\t\t<div class=\"e-con-inner\">\n\t\t\t\t<div class=\"elementor-element elementor-element-66df519 elementor-widget elementor-widget-heading\" data-id=\"66df519\" data-element_type=\"widget\" data-e-type=\"widget\" data-widget_type=\"heading.default\">\n\t\t\t\t<div class=\"elementor-widget-container\">\n\t\t\t\t\t<h1 class=\"elementor-heading-title elementor-size-default\">El restaurant de Xixerella Park<\/h1>\t\t\t\t<\/div>\n\t\t\t\t<\/div>\n\t\t\t\t<div class=\"elementor-element elementor-element-f334b93 elementor-widget elementor-widget-heading\" data-id=\"f334b93\" data-element_type=\"widget\" data-e-type=\"widget\" data-settings=\"{&quot;_animation&quot;:&quot;none&quot;}\" data-widget_type=\"heading.default\">\n\t\t\t\t<div class=\"elementor-widget-container\">\n\t\t\t\t\t<span class=\"elementor-heading-title elementor-size-default\">Bar Restaurant la Torrada<\/span>\t\t\t\t<\/div>\n\t\t\t\t<\/div>\n\t\t\t\t\t<\/div>\n\t\t\t\t<\/div>\n\t\t<div class=\"elementor-element elementor-element-e80d292 e-flex e-con-boxed e-con e-parent\" data-id=\"e80d292\" data-element_type=\"container\" data-e-type=\"container\">\n\t\t\t\t\t<div class=\"e-con-inner\">\n\t\t\t\t<div class=\"elementor-element elementor-element-877b9c8 elementor-widget__width-initial elementor-hidden-tablet elementor-hidden-mobile elementor-widget elementor-widget-image\" data-id=\"877b9c8\" data-element_type=\"widget\" data-e-type=\"widget\" data-widget_type=\"image.default\">\n\t\t\t\t<div class=\"elementor-widget-container\">\n\t\t\t\t\t\t\t\t\t\t\t\t\t\t\t<img fetchpriority=\"high\" decoding=\"async\" width=\"683\" height=\"1024\" src=\"https:\/\/xixerellapark.com\/cat\/wp-content\/uploads\/sites\/3\/mesa-puesta-683x1024.webp\" class=\"attachment-large size-large wp-image-1760\" alt=\"mesa puesta\" srcset=\"https:\/\/xixerellapark.com\/cat\/wp-content\/uploads\/sites\/3\/mesa-puesta-683x1024.webp 683w, https:\/\/xixerellapark.com\/cat\/wp-content\/uploads\/sites\/3\/mesa-puesta-200x300.webp 200w, https:\/\/xixerellapark.com\/cat\/wp-content\/uploads\/sites\/3\/mesa-puesta.webp 700w\" sizes=\"(max-width: 683px) 100vw, 683px\" \/>\t\t\t\t\t\t\t\t\t\t\t\t\t\t\t<\/div>\n\t\t\t\t<\/div>\n\t\t<div class=\"elementor-element elementor-element-c040b65 e-con-full e-flex elementor-invisible e-con e-child\" data-id=\"c040b65\" data-element_type=\"container\" data-e-type=\"container\" data-settings=\"{&quot;animation&quot;:&quot;fadeInLeft&quot;}\">\n\t\t\t\t<div class=\"elementor-element elementor-element-15a24ad elementor-widget-divider--view-line_text elementor-widget-divider--element-align-center elementor-widget elementor-widget-divider\" data-id=\"15a24ad\" data-element_type=\"widget\" data-e-type=\"widget\" data-widget_type=\"divider.default\">\n\t\t\t\t<div class=\"elementor-widget-container\">\n\t\t\t\t\t\t\t<div class=\"elementor-divider\">\n\t\t\t<span class=\"elementor-divider-separator\">\n\t\t\t\t\t\t\t<h3 class=\"elementor-divider__text elementor-divider__element\">\n\t\t\t\tLa millor oferta gastron\u00f2mica d'Andorra\t\t\t\t<\/h3>\n\t\t\t\t\t\t<\/span>\n\t\t<\/div>\n\t\t\t\t\t\t<\/div>\n\t\t\t\t<\/div>\n\t\t\t\t<div class=\"elementor-element elementor-element-2897c1f elementor-widget-tablet__width-initial elementor-widget elementor-widget-heading\" data-id=\"2897c1f\" data-element_type=\"widget\" data-e-type=\"widget\" data-widget_type=\"heading.default\">\n\t\t\t\t<div class=\"elementor-widget-container\">\n\t\t\t\t\t<h2 class=\"elementor-heading-title elementor-size-default\">Bar restaurant la Torrada, a Xixerella Park<\/h2>\t\t\t\t<\/div>\n\t\t\t\t<\/div>\n\t\t\t\t<div class=\"elementor-element elementor-element-939d991 elementor-widget elementor-widget-heading\" data-id=\"939d991\" data-element_type=\"widget\" data-e-type=\"widget\" data-widget_type=\"heading.default\">\n\t\t\t\t<div class=\"elementor-widget-container\">\n\t\t\t\t\t<h2 class=\"elementor-heading-title elementor-size-default\">Descobreix l'Aut\u00e8ntica Cuina Andorrana al Restaurant La Torrada<\/h2>\t\t\t\t<\/div>\n\t\t\t\t<\/div>\n\t\t\t\t<div class=\"elementor-element elementor-element-4c8fe6e elementor-widget elementor-widget-text-editor\" data-id=\"4c8fe6e\" data-element_type=\"widget\" data-e-type=\"widget\" data-widget_type=\"text-editor.default\">\n\t\t\t\t<div class=\"elementor-widget-container\">\n\t\t\t\t\t\t\t\t\t<p style=\"text-align: justify;\">El restaurant de Xixerella Park, La Torrada, oferim un tracte personalitzat i estem especialitzats en plats de cuina andorrana, cosa que ens converteix en el lloc perfecte per endinsar-se en la gastronomia del pa\u00eds. Deixa&#8217;t portar pel paladar amb els nostres plats m\u00e9s elaborats, creats amb ingredients frescos i de mercat.<\/p><p style=\"text-align: justify;\">Ubicat al cor del nostre Resort a Andorra, La Torrada convida els nostres clients a gaudir d&#8217;una experi\u00e8ncia culin\u00e0ria \u00fanica. El nostre restaurant, situat a tan sols 2 minuts de La Massana i a 8 minuts del centre comercial d&#8217;Andorra, ofereix la millor relaci\u00f3 qualitat-preu en gastronomia de tota la regi\u00f3.<\/p><p style=\"text-align: justify;\">L&#8217;equip comercial de Xixerella Park est\u00e0 a la teva disposici\u00f3 per assessorar-te sobre els nostres serveis addicionals, incloent esdeveniments, celebracions i m\u00e9s. Al Restaurant La Torrada, ens esforcem per adaptar els nostres serveis a les teves necessitats i peticions espec\u00edfiques.<\/p><p style=\"text-align: justify;\">El nostre men\u00fa setmanal inclou una varietat d&#8217;opcions que canvien regularment per oferir sempre el millor de la nostra cuina:<\/p><p style=\"text-align: justify;\">4 primers plats<br \/>4 segons plats<br \/>Deliciosos postres<\/p><p style=\"text-align: justify;\">Visita el restaurant de Xixerella Park, La Torrada i descobreix per qu\u00e8 som la millor opci\u00f3 gastron\u00f2mica a Andorra. T&#8217;esperem per oferir-te una experi\u00e8ncia culin\u00e0ria que no oblidar\u00e0s.<\/p>\t\t\t\t\t\t\t\t<\/div>\n\t\t\t\t<\/div>\n\t\t\t\t<\/div>\n\t\t\t\t\t<\/div>\n\t\t\t\t<\/div>\n\t\t<div class=\"elementor-element elementor-element-b4f7067 e-flex e-con-boxed e-con e-parent\" data-id=\"b4f7067\" data-element_type=\"container\" data-e-type=\"container\" data-settings=\"{&quot;background_background&quot;:&quot;classic&quot;}\">\n\t\t\t\t\t<div class=\"e-con-inner\">\n\t\t\t\t<div class=\"elementor-element elementor-element-b22d566 elementor-widget elementor-widget-heading\" data-id=\"b22d566\" data-element_type=\"widget\" data-e-type=\"widget\" data-widget_type=\"heading.default\">\n\t\t\t\t<div class=\"elementor-widget-container\">\n\t\t\t\t\t<h2 class=\"elementor-heading-title elementor-size-default\">Descomptes especials en reservar a traves del nostre lloc web<\/h2>\t\t\t\t<\/div>\n\t\t\t\t<\/div>\n\t\t\t\t<div class=\"elementor-element elementor-element-3bce0a7 elementor-widget elementor-widget-heading\" data-id=\"3bce0a7\" data-element_type=\"widget\" data-e-type=\"widget\" data-widget_type=\"heading.default\">\n\t\t\t\t<div class=\"elementor-widget-container\">\n\t\t\t\t\t<h3 class=\"elementor-heading-title elementor-size-default\">Estalvia fins a un <b>16%<\/b> reservant directament des del nostre lloc web i no paguis res per la taxa tur\u00edstica.<\/h3>\t\t\t\t<\/div>\n\t\t\t\t<\/div>\n\t\t\t\t<div class=\"elementor-element elementor-element-cbea963 elementor-widget elementor-widget-text-editor\" data-id=\"cbea963\" data-element_type=\"widget\" data-e-type=\"widget\" data-widget_type=\"text-editor.default\">\n\t\t\t\t<div class=\"elementor-widget-container\">\n\t\t\t\t\t\t\t\t\t<p>*2,09 \u20ac per nit en apartaments | 1 \u20ac per nit en bungalows<\/p>\t\t\t\t\t\t\t\t<\/div>\n\t\t\t\t<\/div>\n\t\t\t\t<div class=\"elementor-element elementor-element-cc75444 elementor-align-center elementor-widget elementor-widget-button\" data-id=\"cc75444\" data-element_type=\"widget\" data-e-type=\"widget\" data-widget_type=\"button.default\">\n\t\t\t\t<div class=\"elementor-widget-container\">\n\t\t\t\t\t\t\t\t\t<div class=\"elementor-button-wrapper\">\n\t\t\t\t\t<a class=\"elementor-button elementor-button-link elementor-size-sm\" href=\"https:\/\/booking.avirato.com\/?code=83758649&#038;lang=cat\" target=\"_blank\">\n\t\t\t\t\t\t<span class=\"elementor-button-content-wrapper\">\n\t\t\t\t\t\t<span class=\"elementor-button-icon\">\n\t\t\t\t<i aria-hidden=\"true\" class=\"mdi mdi-arrow-top-right\"><\/i>\t\t\t<\/span>\n\t\t\t\t\t\t\t\t\t<span class=\"elementor-button-text\">Reserva ara<\/span>\n\t\t\t\t\t<\/span>\n\t\t\t\t\t<\/a>\n\t\t\t\t<\/div>\n\t\t\t\t\t\t\t\t<\/div>\n\t\t\t\t<\/div>\n\t\t\t\t\t<\/div>\n\t\t\t\t<\/div>\n\t\t<div class=\"elementor-element elementor-element-f0e940c e-flex e-con-boxed e-con e-parent\" data-id=\"f0e940c\" data-element_type=\"container\" data-e-type=\"container\">\n\t\t\t\t\t<div class=\"e-con-inner\">\n\t\t\t\t<div class=\"elementor-element elementor-element-a81e13c elementor-widget elementor-widget-button\" data-id=\"a81e13c\" data-element_type=\"widget\" data-e-type=\"widget\" data-widget_type=\"button.default\">\n\t\t\t\t<div class=\"elementor-widget-container\">\n\t\t\t\t\t\t\t\t\t<div class=\"elementor-button-wrapper\">\n\t\t\t\t\t<a class=\"elementor-button elementor-button-link elementor-size-sm\" href=\"https:\/\/booking.avirato.com\/?code=83758649&#038;lang=cat\" target=\"_blank\">\n\t\t\t\t\t\t<span class=\"elementor-button-content-wrapper\">\n\t\t\t\t\t\t\t\t\t<span class=\"elementor-button-text\">Reservas<\/span>\n\t\t\t\t\t<\/span>\n\t\t\t\t\t<\/a>\n\t\t\t\t<\/div>\n\t\t\t\t\t\t\t\t<\/div>\n\t\t\t\t<\/div>\n\t\t\t\t<div class=\"elementor-element elementor-element-d1df1f8 elementor-widget elementor-widget-button\" data-id=\"d1df1f8\" data-element_type=\"widget\" data-e-type=\"widget\" data-widget_type=\"button.default\">\n\t\t\t\t<div class=\"elementor-widget-container\">\n\t\t\t\t\t\t\t\t\t<div class=\"elementor-button-wrapper\">\n\t\t\t\t\t<a class=\"elementor-button elementor-button-link elementor-size-sm\" href=\"https:\/\/xixerellapark.com\/cat\/apartaments-turistics-a-andorra\/\">\n\t\t\t\t\t\t<span class=\"elementor-button-content-wrapper\">\n\t\t\t\t\t\t\t\t\t<span class=\"elementor-button-text\">Apartaments<\/span>\n\t\t\t\t\t<\/span>\n\t\t\t\t\t<\/a>\n\t\t\t\t<\/div>\n\t\t\t\t\t\t\t\t<\/div>\n\t\t\t\t<\/div>\n\t\t\t\t<div class=\"elementor-element elementor-element-8a734a8 elementor-widget elementor-widget-button\" data-id=\"8a734a8\" data-element_type=\"widget\" data-e-type=\"widget\" data-widget_type=\"button.default\">\n\t\t\t\t<div class=\"elementor-widget-container\">\n\t\t\t\t\t\t\t\t\t<div class=\"elementor-button-wrapper\">\n\t\t\t\t\t<a class=\"elementor-button elementor-button-link elementor-size-sm\" href=\"https:\/\/xixerellapark.com\/cat\/bungalows-a-andorra\/\">\n\t\t\t\t\t\t<span class=\"elementor-button-content-wrapper\">\n\t\t\t\t\t\t\t\t\t<span class=\"elementor-button-text\">Bungalows<\/span>\n\t\t\t\t\t<\/span>\n\t\t\t\t\t<\/a>\n\t\t\t\t<\/div>\n\t\t\t\t\t\t\t\t<\/div>\n\t\t\t\t<\/div>\n\t\t\t\t\t<\/div>\n\t\t\t\t<\/div>\n\t\t\t\t<\/div>\n\t\t","protected":false},"excerpt":{"rendered":"<p>Bar Restaurant la Torrada La millor oferta gastron\u00f2mica d&#8217;Andorra Bar restaurant la Torrada, a Xixerella Park Descobreix l&#8217;Aut\u00e8ntica Cuina Andorrana al Restaurant La Torrada El restaurant de Xixerella Park, La Torrada, oferim un tracte personalitzat i estem especialitzats en plats de cuina andorrana, cosa que ens converteix en el lloc perfecte per endinsar-se en la [&hellip;]<\/p>\n","protected":false},"author":1,"featured_media":0,"parent":0,"menu_order":0,"comment_status":"closed","ping_status":"closed","template":"elementor_header_footer","meta":{"footnotes":""},"class_list":["post-1504","page","type-page","status-publish","hentry"],"yoast_head":"<!-- This site is optimized with the Yoast SEO plugin v27.3 - https:\/\/yoast.com\/product\/yoast-seo-wordpress\/ -->\n<title>El restaurant de Xixerella Park - Apartaments i c\u00e0mping a Andorra<\/title>\n<meta name=\"description\" content=\"El restaurant de Xixerella Park. Ens especialitzem en plats de cuina andorrana, la qual cosa ens converteix en el lloc perfecte.\" \/>\n<meta name=\"robots\" content=\"index, follow, max-snippet:-1, max-image-preview:large, max-video-preview:-1\" \/>\n<link rel=\"canonical\" href=\"https:\/\/xixerellapark.com\/cat\/el-restaurante-de-xixerella-park\/\" \/>\n<meta property=\"og:locale\" content=\"es_ES\" \/>\n<meta property=\"og:type\" content=\"article\" \/>\n<meta property=\"og:title\" content=\"El restaurant de Xixerella Park - Apartaments i c\u00e0mping a Andorra\" \/>\n<meta property=\"og:description\" content=\"El restaurant de Xixerella Park. Ens especialitzem en plats de cuina andorrana, la qual cosa ens converteix en el lloc perfecte.\" \/>\n<meta property=\"og:url\" content=\"https:\/\/xixerellapark.com\/cat\/el-restaurante-de-xixerella-park\/\" \/>\n<meta property=\"og:site_name\" content=\"Apartaments i c\u00e0mping a Andorra\" \/>\n<meta property=\"article:modified_time\" content=\"2024-07-29T09:14:43+00:00\" \/>\n<meta property=\"og:image\" content=\"https:\/\/xixerellapark.com\/cat\/wp-content\/uploads\/sites\/3\/mesa-puesta-683x1024.webp\" \/>\n<meta name=\"twitter:card\" content=\"summary_large_image\" \/>\n<meta name=\"twitter:label1\" content=\"Tiempo de lectura\" \/>\n\t<meta name=\"twitter:data1\" content=\"2 minutos\" \/>\n<script type=\"application\/ld+json\" class=\"yoast-schema-graph\">{\"@context\":\"https:\\\/\\\/schema.org\",\"@graph\":[{\"@type\":\"WebPage\",\"@id\":\"https:\\\/\\\/xixerellapark.com\\\/cat\\\/el-restaurante-de-xixerella-park\\\/\",\"url\":\"https:\\\/\\\/xixerellapark.com\\\/cat\\\/el-restaurante-de-xixerella-park\\\/\",\"name\":\"El restaurant de Xixerella Park - Apartaments i c\u00e0mping a Andorra\",\"isPartOf\":{\"@id\":\"https:\\\/\\\/xixerellapark.com\\\/cat\\\/#website\"},\"primaryImageOfPage\":{\"@id\":\"https:\\\/\\\/xixerellapark.com\\\/cat\\\/el-restaurante-de-xixerella-park\\\/#primaryimage\"},\"image\":{\"@id\":\"https:\\\/\\\/xixerellapark.com\\\/cat\\\/el-restaurante-de-xixerella-park\\\/#primaryimage\"},\"thumbnailUrl\":\"https:\\\/\\\/xixerellapark.com\\\/cat\\\/wp-content\\\/uploads\\\/sites\\\/3\\\/mesa-puesta-683x1024.webp\",\"datePublished\":\"2024-01-15T12:17:03+00:00\",\"dateModified\":\"2024-07-29T09:14:43+00:00\",\"description\":\"El restaurant de Xixerella Park. Ens especialitzem en plats de cuina andorrana, la qual cosa ens converteix en el lloc perfecte.\",\"breadcrumb\":{\"@id\":\"https:\\\/\\\/xixerellapark.com\\\/cat\\\/el-restaurante-de-xixerella-park\\\/#breadcrumb\"},\"inLanguage\":\"es\",\"potentialAction\":[{\"@type\":\"ReadAction\",\"target\":[\"https:\\\/\\\/xixerellapark.com\\\/cat\\\/el-restaurante-de-xixerella-park\\\/\"]}]},{\"@type\":\"ImageObject\",\"inLanguage\":\"es\",\"@id\":\"https:\\\/\\\/xixerellapark.com\\\/cat\\\/el-restaurante-de-xixerella-park\\\/#primaryimage\",\"url\":\"https:\\\/\\\/xixerellapark.com\\\/cat\\\/wp-content\\\/uploads\\\/sites\\\/3\\\/mesa-puesta.webp\",\"contentUrl\":\"https:\\\/\\\/xixerellapark.com\\\/cat\\\/wp-content\\\/uploads\\\/sites\\\/3\\\/mesa-puesta.webp\",\"width\":700,\"height\":1050,\"caption\":\"mesa puesta\"},{\"@type\":\"BreadcrumbList\",\"@id\":\"https:\\\/\\\/xixerellapark.com\\\/cat\\\/el-restaurante-de-xixerella-park\\\/#breadcrumb\",\"itemListElement\":[{\"@type\":\"ListItem\",\"position\":1,\"name\":\"Portada\",\"item\":\"https:\\\/\\\/xixerellapark.com\\\/cat\\\/\"},{\"@type\":\"ListItem\",\"position\":2,\"name\":\"El restaurant de Xixerella Park\"}]},{\"@type\":\"WebSite\",\"@id\":\"https:\\\/\\\/xixerellapark.com\\\/cat\\\/#website\",\"url\":\"https:\\\/\\\/xixerellapark.com\\\/cat\\\/\",\"name\":\"Apartaments i c\u00e0mping a Andorra\",\"description\":\"Xixerella Park\",\"publisher\":{\"@id\":\"https:\\\/\\\/xixerellapark.com\\\/cat\\\/#organization\"},\"potentialAction\":[{\"@type\":\"SearchAction\",\"target\":{\"@type\":\"EntryPoint\",\"urlTemplate\":\"https:\\\/\\\/xixerellapark.com\\\/cat\\\/?s={search_term_string}\"},\"query-input\":{\"@type\":\"PropertyValueSpecification\",\"valueRequired\":true,\"valueName\":\"search_term_string\"}}],\"inLanguage\":\"es\"},{\"@type\":\"Organization\",\"@id\":\"https:\\\/\\\/xixerellapark.com\\\/cat\\\/#organization\",\"name\":\"Apartaments i c\u00e0mping a Andorra\",\"url\":\"https:\\\/\\\/xixerellapark.com\\\/cat\\\/\",\"logo\":{\"@type\":\"ImageObject\",\"inLanguage\":\"es\",\"@id\":\"https:\\\/\\\/xixerellapark.com\\\/cat\\\/#\\\/schema\\\/logo\\\/image\\\/\",\"url\":\"https:\\\/\\\/xixerellapark.com\\\/cat\\\/wp-content\\\/uploads\\\/sites\\\/3\\\/Logo-Xixerella-Park.webp\",\"contentUrl\":\"https:\\\/\\\/xixerellapark.com\\\/cat\\\/wp-content\\\/uploads\\\/sites\\\/3\\\/Logo-Xixerella-Park.webp\",\"width\":512,\"height\":483,\"caption\":\"Apartaments i c\u00e0mping a Andorra\"},\"image\":{\"@id\":\"https:\\\/\\\/xixerellapark.com\\\/cat\\\/#\\\/schema\\\/logo\\\/image\\\/\"}}]}<\/script>\n<!-- \/ Yoast SEO plugin. -->","yoast_head_json":{"title":"El restaurant de Xixerella Park - Apartaments i c\u00e0mping a Andorra","description":"El restaurant de Xixerella Park. Ens especialitzem en plats de cuina andorrana, la qual cosa ens converteix en el lloc perfecte.","robots":{"index":"index","follow":"follow","max-snippet":"max-snippet:-1","max-image-preview":"max-image-preview:large","max-video-preview":"max-video-preview:-1"},"canonical":"https:\/\/xixerellapark.com\/cat\/el-restaurante-de-xixerella-park\/","og_locale":"es_ES","og_type":"article","og_title":"El restaurant de Xixerella Park - Apartaments i c\u00e0mping a Andorra","og_description":"El restaurant de Xixerella Park. Ens especialitzem en plats de cuina andorrana, la qual cosa ens converteix en el lloc perfecte.","og_url":"https:\/\/xixerellapark.com\/cat\/el-restaurante-de-xixerella-park\/","og_site_name":"Apartaments i c\u00e0mping a Andorra","article_modified_time":"2024-07-29T09:14:43+00:00","og_image":[{"url":"https:\/\/xixerellapark.com\/cat\/wp-content\/uploads\/sites\/3\/mesa-puesta-683x1024.webp","type":"","width":"","height":""}],"twitter_card":"summary_large_image","twitter_misc":{"Tiempo de lectura":"2 minutos"},"schema":{"@context":"https:\/\/schema.org","@graph":[{"@type":"WebPage","@id":"https:\/\/xixerellapark.com\/cat\/el-restaurante-de-xixerella-park\/","url":"https:\/\/xixerellapark.com\/cat\/el-restaurante-de-xixerella-park\/","name":"El restaurant de Xixerella Park - Apartaments i c\u00e0mping a Andorra","isPartOf":{"@id":"https:\/\/xixerellapark.com\/cat\/#website"},"primaryImageOfPage":{"@id":"https:\/\/xixerellapark.com\/cat\/el-restaurante-de-xixerella-park\/#primaryimage"},"image":{"@id":"https:\/\/xixerellapark.com\/cat\/el-restaurante-de-xixerella-park\/#primaryimage"},"thumbnailUrl":"https:\/\/xixerellapark.com\/cat\/wp-content\/uploads\/sites\/3\/mesa-puesta-683x1024.webp","datePublished":"2024-01-15T12:17:03+00:00","dateModified":"2024-07-29T09:14:43+00:00","description":"El restaurant de Xixerella Park. Ens especialitzem en plats de cuina andorrana, la qual cosa ens converteix en el lloc perfecte.","breadcrumb":{"@id":"https:\/\/xixerellapark.com\/cat\/el-restaurante-de-xixerella-park\/#breadcrumb"},"inLanguage":"es","potentialAction":[{"@type":"ReadAction","target":["https:\/\/xixerellapark.com\/cat\/el-restaurante-de-xixerella-park\/"]}]},{"@type":"ImageObject","inLanguage":"es","@id":"https:\/\/xixerellapark.com\/cat\/el-restaurante-de-xixerella-park\/#primaryimage","url":"https:\/\/xixerellapark.com\/cat\/wp-content\/uploads\/sites\/3\/mesa-puesta.webp","contentUrl":"https:\/\/xixerellapark.com\/cat\/wp-content\/uploads\/sites\/3\/mesa-puesta.webp","width":700,"height":1050,"caption":"mesa puesta"},{"@type":"BreadcrumbList","@id":"https:\/\/xixerellapark.com\/cat\/el-restaurante-de-xixerella-park\/#breadcrumb","itemListElement":[{"@type":"ListItem","position":1,"name":"Portada","item":"https:\/\/xixerellapark.com\/cat\/"},{"@type":"ListItem","position":2,"name":"El restaurant de Xixerella Park"}]},{"@type":"WebSite","@id":"https:\/\/xixerellapark.com\/cat\/#website","url":"https:\/\/xixerellapark.com\/cat\/","name":"Apartaments i c\u00e0mping a Andorra","description":"Xixerella Park","publisher":{"@id":"https:\/\/xixerellapark.com\/cat\/#organization"},"potentialAction":[{"@type":"SearchAction","target":{"@type":"EntryPoint","urlTemplate":"https:\/\/xixerellapark.com\/cat\/?s={search_term_string}"},"query-input":{"@type":"PropertyValueSpecification","valueRequired":true,"valueName":"search_term_string"}}],"inLanguage":"es"},{"@type":"Organization","@id":"https:\/\/xixerellapark.com\/cat\/#organization","name":"Apartaments i c\u00e0mping a Andorra","url":"https:\/\/xixerellapark.com\/cat\/","logo":{"@type":"ImageObject","inLanguage":"es","@id":"https:\/\/xixerellapark.com\/cat\/#\/schema\/logo\/image\/","url":"https:\/\/xixerellapark.com\/cat\/wp-content\/uploads\/sites\/3\/Logo-Xixerella-Park.webp","contentUrl":"https:\/\/xixerellapark.com\/cat\/wp-content\/uploads\/sites\/3\/Logo-Xixerella-Park.webp","width":512,"height":483,"caption":"Apartaments i c\u00e0mping a Andorra"},"image":{"@id":"https:\/\/xixerellapark.com\/cat\/#\/schema\/logo\/image\/"}}]}},"_links":{"self":[{"href":"https:\/\/xixerellapark.com\/cat\/wp-json\/wp\/v2\/pages\/1504","targetHints":{"allow":["GET"]}}],"collection":[{"href":"https:\/\/xixerellapark.com\/cat\/wp-json\/wp\/v2\/pages"}],"about":[{"href":"https:\/\/xixerellapark.com\/cat\/wp-json\/wp\/v2\/types\/page"}],"author":[{"embeddable":true,"href":"https:\/\/xixerellapark.com\/cat\/wp-json\/wp\/v2\/users\/1"}],"replies":[{"embeddable":true,"href":"https:\/\/xixerellapark.com\/cat\/wp-json\/wp\/v2\/comments?post=1504"}],"version-history":[{"count":20,"href":"https:\/\/xixerellapark.com\/cat\/wp-json\/wp\/v2\/pages\/1504\/revisions"}],"predecessor-version":[{"id":2114,"href":"https:\/\/xixerellapark.com\/cat\/wp-json\/wp\/v2\/pages\/1504\/revisions\/2114"}],"wp:attachment":[{"href":"https:\/\/xixerellapark.com\/cat\/wp-json\/wp\/v2\/media?parent=1504"}],"curies":[{"name":"wp","href":"https:\/\/api.w.org\/{rel}","templated":true}]}}