{"id":1504,"date":"2024-01-15T12:17:03","date_gmt":"2024-01-15T12:17:03","guid":{"rendered":"https:\/\/xixerellapark.com\/apartamentos-en-andorra-2\/"},"modified":"2024-07-29T09:23:02","modified_gmt":"2024-07-29T09:23:02","slug":"le-restaurant-de-xixerella-park","status":"publish","type":"page","link":"https:\/\/xixerellapark.com\/fr\/le-restaurant-de-xixerella-park\/","title":{"rendered":"Le restaurant de Xixerella Park"},"content":{"rendered":"\t\t<div data-elementor-type=\"wp-page\" data-elementor-id=\"1504\" class=\"elementor elementor-1504\" data-elementor-post-type=\"page\">\n\t\t\t\t<div class=\"elementor-element elementor-element-4b59266 e-flex e-con-boxed e-con e-parent\" data-id=\"4b59266\" data-element_type=\"container\" data-e-type=\"container\" data-settings=\"{&quot;background_background&quot;:&quot;classic&quot;}\">\n\t\t\t\t\t<div class=\"e-con-inner\">\n\t\t\t\t<div class=\"elementor-element elementor-element-66df519 elementor-widget elementor-widget-heading\" data-id=\"66df519\" data-element_type=\"widget\" data-e-type=\"widget\" data-widget_type=\"heading.default\">\n\t\t\t\t<div class=\"elementor-widget-container\">\n\t\t\t\t\t<h1 class=\"elementor-heading-title elementor-size-default\">Le restaurant de Xixerella Park<\/h1>\t\t\t\t<\/div>\n\t\t\t\t<\/div>\n\t\t\t\t<div class=\"elementor-element elementor-element-f334b93 elementor-widget elementor-widget-heading\" data-id=\"f334b93\" data-element_type=\"widget\" data-e-type=\"widget\" data-settings=\"{&quot;_animation&quot;:&quot;none&quot;}\" data-widget_type=\"heading.default\">\n\t\t\t\t<div class=\"elementor-widget-container\">\n\t\t\t\t\t<span class=\"elementor-heading-title elementor-size-default\">Bar-Restaurant La Torrada<\/span>\t\t\t\t<\/div>\n\t\t\t\t<\/div>\n\t\t\t\t\t<\/div>\n\t\t\t\t<\/div>\n\t\t<div class=\"elementor-element elementor-element-e80d292 e-flex e-con-boxed e-con e-parent\" data-id=\"e80d292\" data-element_type=\"container\" data-e-type=\"container\">\n\t\t\t\t\t<div class=\"e-con-inner\">\n\t\t\t\t<div class=\"elementor-element elementor-element-877b9c8 elementor-widget__width-initial elementor-hidden-tablet elementor-hidden-mobile elementor-widget elementor-widget-image\" data-id=\"877b9c8\" data-element_type=\"widget\" data-e-type=\"widget\" data-widget_type=\"image.default\">\n\t\t\t\t<div class=\"elementor-widget-container\">\n\t\t\t\t\t\t\t\t\t\t\t\t\t\t\t<img fetchpriority=\"high\" decoding=\"async\" width=\"683\" height=\"1024\" src=\"https:\/\/xixerellapark.com\/fr\/wp-content\/uploads\/sites\/4\/mesa-puesta-683x1024.webp\" class=\"attachment-large size-large wp-image-1760\" alt=\"mesa puesta\" srcset=\"https:\/\/xixerellapark.com\/fr\/wp-content\/uploads\/sites\/4\/mesa-puesta-683x1024.webp 683w, https:\/\/xixerellapark.com\/fr\/wp-content\/uploads\/sites\/4\/mesa-puesta-200x300.webp 200w, https:\/\/xixerellapark.com\/fr\/wp-content\/uploads\/sites\/4\/mesa-puesta.webp 700w\" sizes=\"(max-width: 683px) 100vw, 683px\" \/>\t\t\t\t\t\t\t\t\t\t\t\t\t\t\t<\/div>\n\t\t\t\t<\/div>\n\t\t<div class=\"elementor-element elementor-element-c040b65 e-con-full e-flex elementor-invisible e-con e-child\" data-id=\"c040b65\" data-element_type=\"container\" data-e-type=\"container\" data-settings=\"{&quot;animation&quot;:&quot;fadeInLeft&quot;}\">\n\t\t\t\t<div class=\"elementor-element elementor-element-15a24ad elementor-widget-divider--view-line_text elementor-widget-divider--element-align-center elementor-widget elementor-widget-divider\" data-id=\"15a24ad\" data-element_type=\"widget\" data-e-type=\"widget\" data-widget_type=\"divider.default\">\n\t\t\t\t<div class=\"elementor-widget-container\">\n\t\t\t\t\t\t\t<div class=\"elementor-divider\">\n\t\t\t<span class=\"elementor-divider-separator\">\n\t\t\t\t\t\t\t<h3 class=\"elementor-divider__text elementor-divider__element\">\n\t\t\t\tLa meilleure offre gastronomique d'Andorre\t\t\t\t<\/h3>\n\t\t\t\t\t\t<\/span>\n\t\t<\/div>\n\t\t\t\t\t\t<\/div>\n\t\t\t\t<\/div>\n\t\t\t\t<div class=\"elementor-element elementor-element-2897c1f elementor-widget-tablet__width-initial elementor-widget elementor-widget-heading\" data-id=\"2897c1f\" data-element_type=\"widget\" data-e-type=\"widget\" data-widget_type=\"heading.default\">\n\t\t\t\t<div class=\"elementor-widget-container\">\n\t\t\t\t\t<h2 class=\"elementor-heading-title elementor-size-default\">Bar-restaurant La Torrada, \u00e0 Xixerella Park<\/h2>\t\t\t\t<\/div>\n\t\t\t\t<\/div>\n\t\t\t\t<div class=\"elementor-element elementor-element-939d991 elementor-widget elementor-widget-heading\" data-id=\"939d991\" data-element_type=\"widget\" data-e-type=\"widget\" data-widget_type=\"heading.default\">\n\t\t\t\t<div class=\"elementor-widget-container\">\n\t\t\t\t\t<h2 class=\"elementor-heading-title elementor-size-default\">D\u00e9couvrez la Cuisine Andorrane Authentique au Restaurant La Torrada<\/h2>\t\t\t\t<\/div>\n\t\t\t\t<\/div>\n\t\t\t\t<div class=\"elementor-element elementor-element-4c8fe6e elementor-widget elementor-widget-text-editor\" data-id=\"4c8fe6e\" data-element_type=\"widget\" data-e-type=\"widget\" data-widget_type=\"text-editor.default\">\n\t\t\t\t<div class=\"elementor-widget-container\">\n\t\t\t\t\t\t\t\t\t<p><strong>Le restaurant de Xixerella Park, La Torrada, vous propose un service personnalis\u00e9 et se sp\u00e9cialise dans les plats de cuisine andorrane, ce qui en fait l&#8217;endroit id\u00e9al pour d\u00e9couvrir la gastronomie du pays. Laissez-vous s\u00e9duire par nos plats les plus raffin\u00e9s, \u00e9labor\u00e9s avec des ingr\u00e9dients frais et de march\u00e9.<\/strong><\/p><p><strong>Situ\u00e9 au c\u0153ur de notre Resort en Andorre, La Torrada invite nos clients \u00e0 profiter d&#8217;une exp\u00e9rience culinaire unique. Notre restaurant, situ\u00e9 \u00e0 seulement 2 minutes de La Massana et \u00e0 8 minutes du centre commercial d&#8217;Andorre, offre le meilleur rapport qualit\u00e9-prix en gastronomie de toute la r\u00e9gion.<\/strong><\/p><p><strong>L&#8217;\u00e9quipe commerciale de Xixerella Park est \u00e0 votre disposition pour vous conseiller sur nos services suppl\u00e9mentaires, y compris les \u00e9v\u00e9nements, les c\u00e9l\u00e9brations et plus encore. Au Restaurant La Torrada, nous nous effor\u00e7ons d&#8217;adapter nos services \u00e0 vos besoins et demandes sp\u00e9cifiques.<\/strong><\/p><p><strong>Notre menu hebdomadaire comprend une vari\u00e9t\u00e9 d&#8217;options qui changent r\u00e9guli\u00e8rement pour offrir toujours le meilleur de notre cuisine :<\/strong><\/p><ul><li><strong>4 entr\u00e9es<\/strong><\/li><li><strong>4 plats principaux<\/strong><\/li><li><strong>D\u00e9licieux desserts<\/strong><\/li><\/ul><p><strong>Visitez le restaurant de Xixerella Park, La Torrada, et d\u00e9couvrez pourquoi nous sommes le meilleur choix gastronomique en Andorre. Nous vous attendons pour vous offrir une exp\u00e9rience culinaire inoubliable.<\/strong><\/p>\t\t\t\t\t\t\t\t<\/div>\n\t\t\t\t<\/div>\n\t\t\t\t<\/div>\n\t\t\t\t\t<\/div>\n\t\t\t\t<\/div>\n\t\t<div class=\"elementor-element elementor-element-b4f7067 e-flex e-con-boxed e-con e-parent\" data-id=\"b4f7067\" data-element_type=\"container\" data-e-type=\"container\" data-settings=\"{&quot;background_background&quot;:&quot;classic&quot;}\">\n\t\t\t\t\t<div class=\"e-con-inner\">\n\t\t\t\t<div class=\"elementor-element elementor-element-b22d566 elementor-widget elementor-widget-heading\" data-id=\"b22d566\" data-element_type=\"widget\" data-e-type=\"widget\" data-widget_type=\"heading.default\">\n\t\t\t\t<div class=\"elementor-widget-container\">\n\t\t\t\t\t<h2 class=\"elementor-heading-title elementor-size-default\">Reductions speciales en reservant sur notre site web<\/h2>\t\t\t\t<\/div>\n\t\t\t\t<\/div>\n\t\t\t\t<div class=\"elementor-element elementor-element-3bce0a7 elementor-widget elementor-widget-heading\" data-id=\"3bce0a7\" data-element_type=\"widget\" data-e-type=\"widget\" data-widget_type=\"heading.default\">\n\t\t\t\t<div class=\"elementor-widget-container\">\n\t\t\t\t\t<h3 class=\"elementor-heading-title elementor-size-default\">\u00c9conomisez jusqu'\u00e0 <b>16\u00a0%<\/b> en r\u00e9servant directement depuis notre site internet et ne payez rien de taxe de s\u00e9jour.<\/h3>\t\t\t\t<\/div>\n\t\t\t\t<\/div>\n\t\t\t\t<div class=\"elementor-element elementor-element-cbea963 elementor-widget elementor-widget-text-editor\" data-id=\"cbea963\" data-element_type=\"widget\" data-e-type=\"widget\" data-widget_type=\"text-editor.default\">\n\t\t\t\t<div class=\"elementor-widget-container\">\n\t\t\t\t\t\t\t\t\t<p>*2,09\u20ac la nuit en appartements |1\u20ac la nuit en bungalows<\/p>\t\t\t\t\t\t\t\t<\/div>\n\t\t\t\t<\/div>\n\t\t\t\t<div class=\"elementor-element elementor-element-cc75444 elementor-align-center elementor-widget elementor-widget-button\" data-id=\"cc75444\" data-element_type=\"widget\" data-e-type=\"widget\" data-widget_type=\"button.default\">\n\t\t\t\t<div class=\"elementor-widget-container\">\n\t\t\t\t\t\t\t\t\t<div class=\"elementor-button-wrapper\">\n\t\t\t\t\t<a class=\"elementor-button elementor-button-link elementor-size-sm\" href=\"https:\/\/booking.avirato.com\/?code=83758649&#038;lang=fr\" target=\"_blank\">\n\t\t\t\t\t\t<span class=\"elementor-button-content-wrapper\">\n\t\t\t\t\t\t<span class=\"elementor-button-icon\">\n\t\t\t\t<i aria-hidden=\"true\" class=\"mdi mdi-arrow-top-right\"><\/i>\t\t\t<\/span>\n\t\t\t\t\t\t\t\t\t<span class=\"elementor-button-text\">Reserve maintenant<\/span>\n\t\t\t\t\t<\/span>\n\t\t\t\t\t<\/a>\n\t\t\t\t<\/div>\n\t\t\t\t\t\t\t\t<\/div>\n\t\t\t\t<\/div>\n\t\t\t\t\t<\/div>\n\t\t\t\t<\/div>\n\t\t<div class=\"elementor-element elementor-element-f0e940c e-flex e-con-boxed e-con e-parent\" data-id=\"f0e940c\" data-element_type=\"container\" data-e-type=\"container\">\n\t\t\t\t\t<div class=\"e-con-inner\">\n\t\t\t\t<div class=\"elementor-element elementor-element-a81e13c elementor-widget elementor-widget-button\" data-id=\"a81e13c\" data-element_type=\"widget\" data-e-type=\"widget\" data-widget_type=\"button.default\">\n\t\t\t\t<div class=\"elementor-widget-container\">\n\t\t\t\t\t\t\t\t\t<div class=\"elementor-button-wrapper\">\n\t\t\t\t\t<a class=\"elementor-button elementor-button-link elementor-size-sm\" href=\"https:\/\/booking.avirato.com\/?code=83758649&#038;lang=fr\" target=\"_blank\">\n\t\t\t\t\t\t<span class=\"elementor-button-content-wrapper\">\n\t\t\t\t\t\t\t\t\t<span class=\"elementor-button-text\">R\u00e9servations<\/span>\n\t\t\t\t\t<\/span>\n\t\t\t\t\t<\/a>\n\t\t\t\t<\/div>\n\t\t\t\t\t\t\t\t<\/div>\n\t\t\t\t<\/div>\n\t\t\t\t<div class=\"elementor-element elementor-element-d1df1f8 elementor-widget elementor-widget-button\" data-id=\"d1df1f8\" data-element_type=\"widget\" data-e-type=\"widget\" data-widget_type=\"button.default\">\n\t\t\t\t<div class=\"elementor-widget-container\">\n\t\t\t\t\t\t\t\t\t<div class=\"elementor-button-wrapper\">\n\t\t\t\t\t<a class=\"elementor-button elementor-button-link elementor-size-sm\" href=\"https:\/\/xixerellapark.com\/fr\/appartements-touristiques-en-andorre\/\">\n\t\t\t\t\t\t<span class=\"elementor-button-content-wrapper\">\n\t\t\t\t\t\t\t\t\t<span class=\"elementor-button-text\">Appartements<\/span>\n\t\t\t\t\t<\/span>\n\t\t\t\t\t<\/a>\n\t\t\t\t<\/div>\n\t\t\t\t\t\t\t\t<\/div>\n\t\t\t\t<\/div>\n\t\t\t\t<div class=\"elementor-element elementor-element-8a734a8 elementor-widget elementor-widget-button\" data-id=\"8a734a8\" data-element_type=\"widget\" data-e-type=\"widget\" data-widget_type=\"button.default\">\n\t\t\t\t<div class=\"elementor-widget-container\">\n\t\t\t\t\t\t\t\t\t<div class=\"elementor-button-wrapper\">\n\t\t\t\t\t<a class=\"elementor-button elementor-button-link elementor-size-sm\" href=\"https:\/\/xixerellapark.com\/fr\/bungalows-en-andorre\/\">\n\t\t\t\t\t\t<span class=\"elementor-button-content-wrapper\">\n\t\t\t\t\t\t\t\t\t<span class=\"elementor-button-text\">Bungalows<\/span>\n\t\t\t\t\t<\/span>\n\t\t\t\t\t<\/a>\n\t\t\t\t<\/div>\n\t\t\t\t\t\t\t\t<\/div>\n\t\t\t\t<\/div>\n\t\t\t\t\t<\/div>\n\t\t\t\t<\/div>\n\t\t\t\t<\/div>\n\t\t","protected":false},"excerpt":{"rendered":"<p>Bar-Restaurant La Torrada La meilleure offre gastronomique d&#8217;Andorre Bar-restaurant La Torrada, \u00e0 Xixerella Park D\u00e9couvrez la Cuisine Andorrane Authentique au Restaurant La Torrada Le restaurant de Xixerella Park, La Torrada, vous propose un service personnalis\u00e9 et se sp\u00e9cialise dans les plats de cuisine andorrane, ce qui en fait l&#8217;endroit id\u00e9al pour d\u00e9couvrir la gastronomie du [&hellip;]<\/p>\n","protected":false},"author":1,"featured_media":0,"parent":0,"menu_order":0,"comment_status":"closed","ping_status":"closed","template":"elementor_header_footer","meta":{"footnotes":""},"class_list":["post-1504","page","type-page","status-publish","hentry"],"yoast_head":"<!-- This site is optimized with the Yoast SEO plugin v27.3 - https:\/\/yoast.com\/product\/yoast-seo-wordpress\/ -->\n<title>Le restaurant de Xixerella Park - Appartements et Camping en Andorre<\/title>\n<meta name=\"description\" content=\"Le restaurant de Xixerella Park se sp\u00e9cialise dans les plats de cuisine andorrane, ce qui en fait l&#039;endroit id\u00e9al.\" \/>\n<meta name=\"robots\" content=\"index, follow, max-snippet:-1, max-image-preview:large, max-video-preview:-1\" \/>\n<link rel=\"canonical\" href=\"https:\/\/xixerellapark.com\/fr\/le-restaurant-de-xixerella-park\/\" \/>\n<meta property=\"og:locale\" content=\"es_ES\" \/>\n<meta property=\"og:type\" content=\"article\" \/>\n<meta property=\"og:title\" content=\"Le restaurant de Xixerella Park - Appartements et Camping en Andorre\" \/>\n<meta property=\"og:description\" content=\"Le restaurant de Xixerella Park se sp\u00e9cialise dans les plats de cuisine andorrane, ce qui en fait l&#039;endroit id\u00e9al.\" \/>\n<meta property=\"og:url\" content=\"https:\/\/xixerellapark.com\/fr\/le-restaurant-de-xixerella-park\/\" \/>\n<meta property=\"og:site_name\" content=\"Appartements et Camping en Andorre\" \/>\n<meta property=\"article:modified_time\" content=\"2024-07-29T09:23:02+00:00\" \/>\n<meta property=\"og:image\" content=\"https:\/\/xixerellapark.com\/fr\/wp-content\/uploads\/sites\/4\/mesa-puesta-683x1024.webp\" \/>\n<meta name=\"twitter:card\" content=\"summary_large_image\" \/>\n<meta name=\"twitter:label1\" content=\"Tiempo de lectura\" \/>\n\t<meta name=\"twitter:data1\" content=\"2 minutos\" \/>\n<script type=\"application\/ld+json\" class=\"yoast-schema-graph\">{\"@context\":\"https:\\\/\\\/schema.org\",\"@graph\":[{\"@type\":\"WebPage\",\"@id\":\"https:\\\/\\\/xixerellapark.com\\\/fr\\\/le-restaurant-de-xixerella-park\\\/\",\"url\":\"https:\\\/\\\/xixerellapark.com\\\/fr\\\/le-restaurant-de-xixerella-park\\\/\",\"name\":\"Le restaurant de Xixerella Park - Appartements et Camping en Andorre\",\"isPartOf\":{\"@id\":\"https:\\\/\\\/xixerellapark.com\\\/fr\\\/#website\"},\"primaryImageOfPage\":{\"@id\":\"https:\\\/\\\/xixerellapark.com\\\/fr\\\/le-restaurant-de-xixerella-park\\\/#primaryimage\"},\"image\":{\"@id\":\"https:\\\/\\\/xixerellapark.com\\\/fr\\\/le-restaurant-de-xixerella-park\\\/#primaryimage\"},\"thumbnailUrl\":\"https:\\\/\\\/xixerellapark.com\\\/fr\\\/wp-content\\\/uploads\\\/sites\\\/4\\\/mesa-puesta-683x1024.webp\",\"datePublished\":\"2024-01-15T12:17:03+00:00\",\"dateModified\":\"2024-07-29T09:23:02+00:00\",\"description\":\"Le restaurant de Xixerella Park se sp\u00e9cialise dans les plats de cuisine andorrane, ce qui en fait l'endroit id\u00e9al.\",\"breadcrumb\":{\"@id\":\"https:\\\/\\\/xixerellapark.com\\\/fr\\\/le-restaurant-de-xixerella-park\\\/#breadcrumb\"},\"inLanguage\":\"es\",\"potentialAction\":[{\"@type\":\"ReadAction\",\"target\":[\"https:\\\/\\\/xixerellapark.com\\\/fr\\\/le-restaurant-de-xixerella-park\\\/\"]}]},{\"@type\":\"ImageObject\",\"inLanguage\":\"es\",\"@id\":\"https:\\\/\\\/xixerellapark.com\\\/fr\\\/le-restaurant-de-xixerella-park\\\/#primaryimage\",\"url\":\"https:\\\/\\\/xixerellapark.com\\\/fr\\\/wp-content\\\/uploads\\\/sites\\\/4\\\/mesa-puesta.webp\",\"contentUrl\":\"https:\\\/\\\/xixerellapark.com\\\/fr\\\/wp-content\\\/uploads\\\/sites\\\/4\\\/mesa-puesta.webp\",\"width\":700,\"height\":1050,\"caption\":\"mesa puesta\"},{\"@type\":\"BreadcrumbList\",\"@id\":\"https:\\\/\\\/xixerellapark.com\\\/fr\\\/le-restaurant-de-xixerella-park\\\/#breadcrumb\",\"itemListElement\":[{\"@type\":\"ListItem\",\"position\":1,\"name\":\"Portada\",\"item\":\"https:\\\/\\\/xixerellapark.com\\\/fr\\\/\"},{\"@type\":\"ListItem\",\"position\":2,\"name\":\"Le restaurant de Xixerella Park\"}]},{\"@type\":\"WebSite\",\"@id\":\"https:\\\/\\\/xixerellapark.com\\\/fr\\\/#website\",\"url\":\"https:\\\/\\\/xixerellapark.com\\\/fr\\\/\",\"name\":\"Appartements et Camping en Andorre\",\"description\":\"Xixerella Park\",\"publisher\":{\"@id\":\"https:\\\/\\\/xixerellapark.com\\\/fr\\\/#organization\"},\"potentialAction\":[{\"@type\":\"SearchAction\",\"target\":{\"@type\":\"EntryPoint\",\"urlTemplate\":\"https:\\\/\\\/xixerellapark.com\\\/fr\\\/?s={search_term_string}\"},\"query-input\":{\"@type\":\"PropertyValueSpecification\",\"valueRequired\":true,\"valueName\":\"search_term_string\"}}],\"inLanguage\":\"es\"},{\"@type\":\"Organization\",\"@id\":\"https:\\\/\\\/xixerellapark.com\\\/fr\\\/#organization\",\"name\":\"Appartements et Camping en Andorre\",\"url\":\"https:\\\/\\\/xixerellapark.com\\\/fr\\\/\",\"logo\":{\"@type\":\"ImageObject\",\"inLanguage\":\"es\",\"@id\":\"https:\\\/\\\/xixerellapark.com\\\/fr\\\/#\\\/schema\\\/logo\\\/image\\\/\",\"url\":\"https:\\\/\\\/xixerellapark.com\\\/fr\\\/wp-content\\\/uploads\\\/sites\\\/4\\\/Logo-Xixerella-Park.webp\",\"contentUrl\":\"https:\\\/\\\/xixerellapark.com\\\/fr\\\/wp-content\\\/uploads\\\/sites\\\/4\\\/Logo-Xixerella-Park.webp\",\"width\":512,\"height\":483,\"caption\":\"Appartements et Camping en Andorre\"},\"image\":{\"@id\":\"https:\\\/\\\/xixerellapark.com\\\/fr\\\/#\\\/schema\\\/logo\\\/image\\\/\"}}]}<\/script>\n<!-- \/ Yoast SEO plugin. -->","yoast_head_json":{"title":"Le restaurant de Xixerella Park - Appartements et Camping en Andorre","description":"Le restaurant de Xixerella Park se sp\u00e9cialise dans les plats de cuisine andorrane, ce qui en fait l'endroit id\u00e9al.","robots":{"index":"index","follow":"follow","max-snippet":"max-snippet:-1","max-image-preview":"max-image-preview:large","max-video-preview":"max-video-preview:-1"},"canonical":"https:\/\/xixerellapark.com\/fr\/le-restaurant-de-xixerella-park\/","og_locale":"es_ES","og_type":"article","og_title":"Le restaurant de Xixerella Park - Appartements et Camping en Andorre","og_description":"Le restaurant de Xixerella Park se sp\u00e9cialise dans les plats de cuisine andorrane, ce qui en fait l'endroit id\u00e9al.","og_url":"https:\/\/xixerellapark.com\/fr\/le-restaurant-de-xixerella-park\/","og_site_name":"Appartements et Camping en Andorre","article_modified_time":"2024-07-29T09:23:02+00:00","og_image":[{"url":"https:\/\/xixerellapark.com\/fr\/wp-content\/uploads\/sites\/4\/mesa-puesta-683x1024.webp","type":"","width":"","height":""}],"twitter_card":"summary_large_image","twitter_misc":{"Tiempo de lectura":"2 minutos"},"schema":{"@context":"https:\/\/schema.org","@graph":[{"@type":"WebPage","@id":"https:\/\/xixerellapark.com\/fr\/le-restaurant-de-xixerella-park\/","url":"https:\/\/xixerellapark.com\/fr\/le-restaurant-de-xixerella-park\/","name":"Le restaurant de Xixerella Park - Appartements et Camping en Andorre","isPartOf":{"@id":"https:\/\/xixerellapark.com\/fr\/#website"},"primaryImageOfPage":{"@id":"https:\/\/xixerellapark.com\/fr\/le-restaurant-de-xixerella-park\/#primaryimage"},"image":{"@id":"https:\/\/xixerellapark.com\/fr\/le-restaurant-de-xixerella-park\/#primaryimage"},"thumbnailUrl":"https:\/\/xixerellapark.com\/fr\/wp-content\/uploads\/sites\/4\/mesa-puesta-683x1024.webp","datePublished":"2024-01-15T12:17:03+00:00","dateModified":"2024-07-29T09:23:02+00:00","description":"Le restaurant de Xixerella Park se sp\u00e9cialise dans les plats de cuisine andorrane, ce qui en fait l'endroit id\u00e9al.","breadcrumb":{"@id":"https:\/\/xixerellapark.com\/fr\/le-restaurant-de-xixerella-park\/#breadcrumb"},"inLanguage":"es","potentialAction":[{"@type":"ReadAction","target":["https:\/\/xixerellapark.com\/fr\/le-restaurant-de-xixerella-park\/"]}]},{"@type":"ImageObject","inLanguage":"es","@id":"https:\/\/xixerellapark.com\/fr\/le-restaurant-de-xixerella-park\/#primaryimage","url":"https:\/\/xixerellapark.com\/fr\/wp-content\/uploads\/sites\/4\/mesa-puesta.webp","contentUrl":"https:\/\/xixerellapark.com\/fr\/wp-content\/uploads\/sites\/4\/mesa-puesta.webp","width":700,"height":1050,"caption":"mesa puesta"},{"@type":"BreadcrumbList","@id":"https:\/\/xixerellapark.com\/fr\/le-restaurant-de-xixerella-park\/#breadcrumb","itemListElement":[{"@type":"ListItem","position":1,"name":"Portada","item":"https:\/\/xixerellapark.com\/fr\/"},{"@type":"ListItem","position":2,"name":"Le restaurant de Xixerella Park"}]},{"@type":"WebSite","@id":"https:\/\/xixerellapark.com\/fr\/#website","url":"https:\/\/xixerellapark.com\/fr\/","name":"Appartements et Camping en Andorre","description":"Xixerella Park","publisher":{"@id":"https:\/\/xixerellapark.com\/fr\/#organization"},"potentialAction":[{"@type":"SearchAction","target":{"@type":"EntryPoint","urlTemplate":"https:\/\/xixerellapark.com\/fr\/?s={search_term_string}"},"query-input":{"@type":"PropertyValueSpecification","valueRequired":true,"valueName":"search_term_string"}}],"inLanguage":"es"},{"@type":"Organization","@id":"https:\/\/xixerellapark.com\/fr\/#organization","name":"Appartements et Camping en Andorre","url":"https:\/\/xixerellapark.com\/fr\/","logo":{"@type":"ImageObject","inLanguage":"es","@id":"https:\/\/xixerellapark.com\/fr\/#\/schema\/logo\/image\/","url":"https:\/\/xixerellapark.com\/fr\/wp-content\/uploads\/sites\/4\/Logo-Xixerella-Park.webp","contentUrl":"https:\/\/xixerellapark.com\/fr\/wp-content\/uploads\/sites\/4\/Logo-Xixerella-Park.webp","width":512,"height":483,"caption":"Appartements et Camping en Andorre"},"image":{"@id":"https:\/\/xixerellapark.com\/fr\/#\/schema\/logo\/image\/"}}]}},"_links":{"self":[{"href":"https:\/\/xixerellapark.com\/fr\/wp-json\/wp\/v2\/pages\/1504","targetHints":{"allow":["GET"]}}],"collection":[{"href":"https:\/\/xixerellapark.com\/fr\/wp-json\/wp\/v2\/pages"}],"about":[{"href":"https:\/\/xixerellapark.com\/fr\/wp-json\/wp\/v2\/types\/page"}],"author":[{"embeddable":true,"href":"https:\/\/xixerellapark.com\/fr\/wp-json\/wp\/v2\/users\/1"}],"replies":[{"embeddable":true,"href":"https:\/\/xixerellapark.com\/fr\/wp-json\/wp\/v2\/comments?post=1504"}],"version-history":[{"count":26,"href":"https:\/\/xixerellapark.com\/fr\/wp-json\/wp\/v2\/pages\/1504\/revisions"}],"predecessor-version":[{"id":2147,"href":"https:\/\/xixerellapark.com\/fr\/wp-json\/wp\/v2\/pages\/1504\/revisions\/2147"}],"wp:attachment":[{"href":"https:\/\/xixerellapark.com\/fr\/wp-json\/wp\/v2\/media?parent=1504"}],"curies":[{"name":"wp","href":"https:\/\/api.w.org\/{rel}","templated":true}]}}