{"id":1714,"date":"2024-01-15T12:17:03","date_gmt":"2024-01-15T12:17:03","guid":{"rendered":"https:\/\/xixerellapark.com\/actividades-en-andorra-2\/"},"modified":"2024-07-29T08:18:55","modified_gmt":"2024-07-29T08:18:55","slug":"la-massana-andorra","status":"publish","type":"page","link":"https:\/\/xixerellapark.com\/fr\/la-massana-andorra\/","title":{"rendered":"La Massana Andorra"},"content":{"rendered":"\t\t<div data-elementor-type=\"wp-page\" data-elementor-id=\"1714\" class=\"elementor elementor-1714\" data-elementor-post-type=\"page\">\n\t\t\t\t<div class=\"elementor-element elementor-element-4b59266 e-flex e-con-boxed e-con e-parent\" data-id=\"4b59266\" data-element_type=\"container\" data-e-type=\"container\" data-settings=\"{&quot;background_background&quot;:&quot;classic&quot;}\">\n\t\t\t\t\t<div class=\"e-con-inner\">\n\t\t\t\t<div class=\"elementor-element elementor-element-f334b93 elementor-widget elementor-widget-heading\" data-id=\"f334b93\" data-element_type=\"widget\" data-e-type=\"widget\" data-settings=\"{&quot;_animation&quot;:&quot;none&quot;}\" data-widget_type=\"heading.default\">\n\t\t\t\t<div class=\"elementor-widget-container\">\n\t\t\t\t\t<h1 class=\"elementor-heading-title elementor-size-default\">La Massana, Andorra<\/h1>\t\t\t\t<\/div>\n\t\t\t\t<\/div>\n\t\t\t\t\t<\/div>\n\t\t\t\t<\/div>\n\t\t<div class=\"elementor-element elementor-element-f18b794 e-flex e-con-boxed e-con e-parent\" data-id=\"f18b794\" data-element_type=\"container\" data-e-type=\"container\">\n\t\t\t\t\t<div class=\"e-con-inner\">\n\t\t<div class=\"elementor-element elementor-element-cdde64f e-con-full e-flex e-con e-child\" data-id=\"cdde64f\" data-element_type=\"container\" data-e-type=\"container\">\n\t\t\t\t<div class=\"elementor-element elementor-element-520fdcd elementor-widget-divider--view-line_text elementor-widget-divider--element-align-center elementor-widget elementor-widget-divider\" data-id=\"520fdcd\" data-element_type=\"widget\" data-e-type=\"widget\" data-widget_type=\"divider.default\">\n\t\t\t\t<div class=\"elementor-widget-container\">\n\t\t\t\t\t\t\t<div class=\"elementor-divider\">\n\t\t\t<span class=\"elementor-divider-separator\">\n\t\t\t\t\t\t\t<span class=\"elementor-divider__text elementor-divider__element\">\n\t\t\t\tPaysages montagneux spectaculaires\t\t\t\t<\/span>\n\t\t\t\t\t\t<\/span>\n\t\t<\/div>\n\t\t\t\t\t\t<\/div>\n\t\t\t\t<\/div>\n\t\t\t\t<div class=\"elementor-element elementor-element-d3acc09 elementor-widget elementor-widget-heading\" data-id=\"d3acc09\" data-element_type=\"widget\" data-e-type=\"widget\" data-widget_type=\"heading.default\">\n\t\t\t\t<div class=\"elementor-widget-container\">\n\t\t\t\t\t<h2 class=\"elementor-heading-title elementor-size-default\">Comarque de la Massana dans la Principaute d'Andorre<\/h2>\t\t\t\t<\/div>\n\t\t\t\t<\/div>\n\t\t\t\t<div class=\"elementor-element elementor-element-e66684c elementor-widget__width-initial elementor-widget-mobile__width-inherit elementor-widget elementor-widget-text-editor\" data-id=\"e66684c\" data-element_type=\"widget\" data-e-type=\"widget\" data-widget_type=\"text-editor.default\">\n\t\t\t\t<div class=\"elementor-widget-container\">\n\t\t\t\t\t\t\t\t\t<p style=\"text-align: center;\">Xixerella Park est situ\u00e9 dans la Massana, au nord-ouest du pays, et comprend plusieurs localit\u00e9s, dont le village homonyme de La Massana, Pal, Arinsal et Erts.<\/p><p style=\"text-align: center;\">Cette comarque combine parfaitement son patrimoine culturel avec la beaut\u00e9 naturelle et les opportunit\u00e9s pour le tourisme et le sport. Cette r\u00e9gion d&#8217;Andorre n&#8217;attire pas seulement les visiteurs par ses paysages impressionnants et ses activit\u00e9s de loisirs, mais offre \u00e9galement un aper\u00e7u authentique de la vie andorrane et de son riche patrimoine.<\/p>\t\t\t\t\t\t\t\t<\/div>\n\t\t\t\t<\/div>\n\t\t\t\t<div class=\"elementor-element elementor-element-d10cc3c elementor-widget-divider--view-line elementor-widget elementor-widget-divider\" data-id=\"d10cc3c\" data-element_type=\"widget\" data-e-type=\"widget\" data-widget_type=\"divider.default\">\n\t\t\t\t<div class=\"elementor-widget-container\">\n\t\t\t\t\t\t\t<div class=\"elementor-divider\">\n\t\t\t<span class=\"elementor-divider-separator\">\n\t\t\t\t\t\t<\/span>\n\t\t<\/div>\n\t\t\t\t\t\t<\/div>\n\t\t\t\t<\/div>\n\t\t<div class=\"elementor-element elementor-element-335de00 e-con-full e-flex elementor-invisible e-con e-child\" data-id=\"335de00\" data-element_type=\"container\" data-e-type=\"container\" data-settings=\"{&quot;animation&quot;:&quot;fadeInRight&quot;}\">\n\t\t<div class=\"elementor-element elementor-element-c537f64 e-con-full e-flex e-con e-child\" data-id=\"c537f64\" data-element_type=\"container\" data-e-type=\"container\" data-settings=\"{&quot;animation&quot;:&quot;none&quot;}\">\n\t\t\t\t<div class=\"elementor-element elementor-element-ce406a9 elementor-widget elementor-widget-image\" data-id=\"ce406a9\" data-element_type=\"widget\" data-e-type=\"widget\" data-widget_type=\"image.default\">\n\t\t\t\t<div class=\"elementor-widget-container\">\n\t\t\t\t\t\t\t\t\t\t\t\t\t\t\t<img fetchpriority=\"high\" decoding=\"async\" width=\"800\" height=\"534\" src=\"https:\/\/xixerellapark.com\/fr\/wp-content\/uploads\/sites\/4\/Pueblo-de-Pal-en-la-Comarca-de-la-Massana-Andorra.webp\" class=\"elementor-animation-float attachment-large size-large wp-image-1750\" alt=\"Pueblo de Pal en la Comarca de la Massana Andorra\" srcset=\"https:\/\/xixerellapark.com\/fr\/wp-content\/uploads\/sites\/4\/Pueblo-de-Pal-en-la-Comarca-de-la-Massana-Andorra.webp 1000w, https:\/\/xixerellapark.com\/fr\/wp-content\/uploads\/sites\/4\/Pueblo-de-Pal-en-la-Comarca-de-la-Massana-Andorra-300x200.webp 300w, https:\/\/xixerellapark.com\/fr\/wp-content\/uploads\/sites\/4\/Pueblo-de-Pal-en-la-Comarca-de-la-Massana-Andorra-768x512.webp 768w\" sizes=\"(max-width: 800px) 100vw, 800px\" \/>\t\t\t\t\t\t\t\t\t\t\t\t\t\t\t<\/div>\n\t\t\t\t<\/div>\n\t\t\t\t<\/div>\n\t\t<div class=\"elementor-element elementor-element-a42da23 e-con-full e-flex e-con e-child\" data-id=\"a42da23\" data-element_type=\"container\" data-e-type=\"container\" data-settings=\"{&quot;animation&quot;:&quot;none&quot;}\">\n\t\t\t\t<div class=\"elementor-element elementor-element-b87d06e elementor-widget elementor-widget-heading\" data-id=\"b87d06e\" data-element_type=\"widget\" data-e-type=\"widget\" data-widget_type=\"heading.default\">\n\t\t\t\t<div class=\"elementor-widget-container\">\n\t\t\t\t\t<h2 class=\"elementor-heading-title elementor-size-default\">Architecture traditionnelle<\/h2>\t\t\t\t<\/div>\n\t\t\t\t<\/div>\n\t\t\t\t<div class=\"elementor-element elementor-element-e53adf9 elementor-widget elementor-widget-heading\" data-id=\"e53adf9\" data-element_type=\"widget\" data-e-type=\"widget\" data-widget_type=\"heading.default\">\n\t\t\t\t<div class=\"elementor-widget-container\">\n\t\t\t\t\t<h2 class=\"elementor-heading-title elementor-size-default\">Villages pittoresques<\/h2>\t\t\t\t<\/div>\n\t\t\t\t<\/div>\n\t\t\t\t<div class=\"elementor-element elementor-element-11eefdd elementor-widget elementor-widget-text-editor\" data-id=\"11eefdd\" data-element_type=\"widget\" data-e-type=\"widget\" data-widget_type=\"text-editor.default\">\n\t\t\t\t<div class=\"elementor-widget-container\">\n\t\t\t\t\t\t\t\t\t<p>Connus pour leur charme rustique et leur architecture traditionnelle bien conserv\u00e9e, les villages de la comarque de la Massana sont devenus une destination populaire. Tant les touristes que les r\u00e9sidents recherchent un environnement tranquille et authentique dans cette r\u00e9gion.<\/p>\t\t\t\t\t\t\t\t<\/div>\n\t\t\t\t<\/div>\n\t\t\t\t<\/div>\n\t\t\t\t<\/div>\n\t\t<div class=\"elementor-element elementor-element-0675ecf e-con-full e-flex elementor-invisible e-con e-child\" data-id=\"0675ecf\" data-element_type=\"container\" data-e-type=\"container\" data-settings=\"{&quot;animation&quot;:&quot;fadeInLeft&quot;}\">\n\t\t<div class=\"elementor-element elementor-element-782cab5 e-con-full e-flex e-con e-child\" data-id=\"782cab5\" data-element_type=\"container\" data-e-type=\"container\" data-settings=\"{&quot;animation&quot;:&quot;none&quot;}\">\n\t\t\t\t<div class=\"elementor-element elementor-element-25a357a elementor-widget elementor-widget-heading\" data-id=\"25a357a\" data-element_type=\"widget\" data-e-type=\"widget\" data-widget_type=\"heading.default\">\n\t\t\t\t<div class=\"elementor-widget-container\">\n\t\t\t\t\t<h2 class=\"elementor-heading-title elementor-size-default\">Le sommet le plus \u00e9lev\u00e9 d'Andorre<\/h2>\t\t\t\t<\/div>\n\t\t\t\t<\/div>\n\t\t\t\t<div class=\"elementor-element elementor-element-bee65bc elementor-widget elementor-widget-heading\" data-id=\"bee65bc\" data-element_type=\"widget\" data-e-type=\"widget\" data-widget_type=\"heading.default\">\n\t\t\t\t<div class=\"elementor-widget-container\">\n\t\t\t\t\t<h2 class=\"elementor-heading-title elementor-size-default\">Refuge de Comapedrosa<\/h2>\t\t\t\t<\/div>\n\t\t\t\t<\/div>\n\t\t\t\t<div class=\"elementor-element elementor-element-9cc33a0 elementor-widget elementor-widget-text-editor\" data-id=\"9cc33a0\" data-element_type=\"widget\" data-e-type=\"widget\" data-widget_type=\"text-editor.default\">\n\t\t\t\t<div class=\"elementor-widget-container\">\n\t\t\t\t\t\t\t\t\t<p>Le Refuge de Comapedrosa est situ\u00e9 au c\u0153ur du Parc Naturel Communal des Vall\u00e9es du Comapedrosa en Andorre. C&#8217;est un refuge de montagne embl\u00e9matique qui attire des alpinistes et des amoureux de la nature du monde entier. Ce refuge se trouve \u00e0 une altitude de 2 265 m\u00e8tres. Il est situ\u00e9 pr\u00e8s du sommet le plus \u00e9lev\u00e9 d&#8217;Andorre, le Comapedrosa, qui culmine \u00e0 2 942 m\u00e8tres.<\/p>\t\t\t\t\t\t\t\t<\/div>\n\t\t\t\t<\/div>\n\t\t\t\t<\/div>\n\t\t<div class=\"elementor-element elementor-element-5f4329f e-con-full e-flex e-con e-child\" data-id=\"5f4329f\" data-element_type=\"container\" data-e-type=\"container\" data-settings=\"{&quot;animation&quot;:&quot;none&quot;}\">\n\t\t\t\t<div class=\"elementor-element elementor-element-8d4d05a elementor-widget elementor-widget-image\" data-id=\"8d4d05a\" data-element_type=\"widget\" data-e-type=\"widget\" data-widget_type=\"image.default\">\n\t\t\t\t<div class=\"elementor-widget-container\">\n\t\t\t\t\t\t\t\t\t\t\t\t\t\t\t<img decoding=\"async\" width=\"800\" height=\"534\" src=\"https:\/\/xixerellapark.com\/fr\/wp-content\/uploads\/sites\/4\/Refugio-de-Comapedrosa-en-Andorra.webp\" class=\"elementor-animation-float attachment-large size-large wp-image-1740\" alt=\"Refugio de Comapedrosa en Andorra\" srcset=\"https:\/\/xixerellapark.com\/fr\/wp-content\/uploads\/sites\/4\/Refugio-de-Comapedrosa-en-Andorra.webp 1000w, https:\/\/xixerellapark.com\/fr\/wp-content\/uploads\/sites\/4\/Refugio-de-Comapedrosa-en-Andorra-300x200.webp 300w, https:\/\/xixerellapark.com\/fr\/wp-content\/uploads\/sites\/4\/Refugio-de-Comapedrosa-en-Andorra-768x512.webp 768w\" sizes=\"(max-width: 800px) 100vw, 800px\" \/>\t\t\t\t\t\t\t\t\t\t\t\t\t\t\t<\/div>\n\t\t\t\t<\/div>\n\t\t\t\t<\/div>\n\t\t\t\t<\/div>\n\t\t\t\t<\/div>\n\t\t\t\t\t<\/div>\n\t\t\t\t<\/div>\n\t\t<div class=\"elementor-element elementor-element-9b7cea5 e-flex e-con-boxed e-con e-parent\" data-id=\"9b7cea5\" data-element_type=\"container\" data-e-type=\"container\">\n\t\t\t\t\t<div class=\"e-con-inner\">\n\t\t\t\t<div class=\"elementor-element elementor-element-7294aba elementor-widget elementor-widget-button\" data-id=\"7294aba\" data-element_type=\"widget\" data-e-type=\"widget\" data-widget_type=\"button.default\">\n\t\t\t\t<div class=\"elementor-widget-container\">\n\t\t\t\t\t\t\t\t\t<div class=\"elementor-button-wrapper\">\n\t\t\t\t\t<a class=\"elementor-button elementor-button-link elementor-size-sm\" href=\"https:\/\/booking.avirato.com\/?code=83758649&#038;lang=fr\" target=\"_blank\">\n\t\t\t\t\t\t<span class=\"elementor-button-content-wrapper\">\n\t\t\t\t\t\t\t\t\t<span class=\"elementor-button-text\">R\u00e9servations<\/span>\n\t\t\t\t\t<\/span>\n\t\t\t\t\t<\/a>\n\t\t\t\t<\/div>\n\t\t\t\t\t\t\t\t<\/div>\n\t\t\t\t<\/div>\n\t\t\t\t<div class=\"elementor-element elementor-element-c41eade elementor-widget elementor-widget-button\" data-id=\"c41eade\" data-element_type=\"widget\" data-e-type=\"widget\" data-widget_type=\"button.default\">\n\t\t\t\t<div class=\"elementor-widget-container\">\n\t\t\t\t\t\t\t\t\t<div class=\"elementor-button-wrapper\">\n\t\t\t\t\t<a class=\"elementor-button elementor-button-link elementor-size-sm\" href=\"https:\/\/xixerellapark.com\/fr\/appartements-touristiques-en-andorre\/\">\n\t\t\t\t\t\t<span class=\"elementor-button-content-wrapper\">\n\t\t\t\t\t\t\t\t\t<span class=\"elementor-button-text\">Appartements<\/span>\n\t\t\t\t\t<\/span>\n\t\t\t\t\t<\/a>\n\t\t\t\t<\/div>\n\t\t\t\t\t\t\t\t<\/div>\n\t\t\t\t<\/div>\n\t\t\t\t<div class=\"elementor-element elementor-element-f844cfc elementor-widget elementor-widget-button\" data-id=\"f844cfc\" data-element_type=\"widget\" data-e-type=\"widget\" data-widget_type=\"button.default\">\n\t\t\t\t<div class=\"elementor-widget-container\">\n\t\t\t\t\t\t\t\t\t<div class=\"elementor-button-wrapper\">\n\t\t\t\t\t<a class=\"elementor-button elementor-button-link elementor-size-sm\" href=\"https:\/\/xixerellapark.com\/fr\/bungalows-en-andorre\/\">\n\t\t\t\t\t\t<span class=\"elementor-button-content-wrapper\">\n\t\t\t\t\t\t\t\t\t<span class=\"elementor-button-text\">Bungalows<\/span>\n\t\t\t\t\t<\/span>\n\t\t\t\t\t<\/a>\n\t\t\t\t<\/div>\n\t\t\t\t\t\t\t\t<\/div>\n\t\t\t\t<\/div>\n\t\t\t\t\t<\/div>\n\t\t\t\t<\/div>\n\t\t\t\t<\/div>\n\t\t","protected":false},"excerpt":{"rendered":"<p>La Massana, Andorra Paysages montagneux spectaculaires Comarque de la Massana dans la Principaute d&#8217;Andorre Xixerella Park est situ\u00e9 dans la Massana, au nord-ouest du pays, et comprend plusieurs localit\u00e9s, dont le village homonyme de La Massana, Pal, Arinsal et Erts. Cette comarque combine parfaitement son patrimoine culturel avec la beaut\u00e9 naturelle et les opportunit\u00e9s pour [&hellip;]<\/p>\n","protected":false},"author":1,"featured_media":0,"parent":0,"menu_order":0,"comment_status":"closed","ping_status":"closed","template":"elementor_header_footer","meta":{"footnotes":""},"class_list":["post-1714","page","type-page","status-publish","hentry"],"yoast_head":"<!-- This site is optimized with the Yoast SEO plugin v27.4 - https:\/\/yoast.com\/product\/yoast-seo-wordpress\/ -->\n<title>La Massana Andorra - Appartements et Camping en Andorre<\/title>\n<meta name=\"description\" content=\"La Massana Andorra. Esta comarca combina a la perfecci\u00f3n su patrimonio cultural con la belleza natural y las oportunidades para el turismo\" \/>\n<meta name=\"robots\" content=\"index, follow, max-snippet:-1, max-image-preview:large, max-video-preview:-1\" \/>\n<link rel=\"canonical\" href=\"https:\/\/xixerellapark.com\/fr\/la-massana-andorra\/\" \/>\n<meta property=\"og:locale\" content=\"es_ES\" \/>\n<meta property=\"og:type\" content=\"article\" \/>\n<meta property=\"og:title\" content=\"La Massana Andorra - Appartements et Camping en Andorre\" \/>\n<meta property=\"og:description\" content=\"La Massana Andorra. Esta comarca combina a la perfecci\u00f3n su patrimonio cultural con la belleza natural y las oportunidades para el turismo\" \/>\n<meta property=\"og:url\" content=\"https:\/\/xixerellapark.com\/fr\/la-massana-andorra\/\" \/>\n<meta property=\"og:site_name\" content=\"Appartements et Camping en Andorre\" \/>\n<meta property=\"article:modified_time\" content=\"2024-07-29T08:18:55+00:00\" \/>\n<meta property=\"og:image\" content=\"https:\/\/xixerellapark.com\/fr\/wp-content\/uploads\/sites\/4\/Pueblo-de-Pal-en-la-Comarca-de-la-Massana-Andorra.webp\" \/>\n<meta name=\"twitter:card\" content=\"summary_large_image\" \/>\n<meta name=\"twitter:label1\" content=\"Tiempo de lectura\" \/>\n\t<meta name=\"twitter:data1\" content=\"2 minutos\" \/>\n<script type=\"application\/ld+json\" class=\"yoast-schema-graph\">{\"@context\":\"https:\\\/\\\/schema.org\",\"@graph\":[{\"@type\":\"WebPage\",\"@id\":\"https:\\\/\\\/xixerellapark.com\\\/fr\\\/la-massana-andorra\\\/\",\"url\":\"https:\\\/\\\/xixerellapark.com\\\/fr\\\/la-massana-andorra\\\/\",\"name\":\"La Massana Andorra - Appartements et Camping en Andorre\",\"isPartOf\":{\"@id\":\"https:\\\/\\\/xixerellapark.com\\\/fr\\\/#website\"},\"primaryImageOfPage\":{\"@id\":\"https:\\\/\\\/xixerellapark.com\\\/fr\\\/la-massana-andorra\\\/#primaryimage\"},\"image\":{\"@id\":\"https:\\\/\\\/xixerellapark.com\\\/fr\\\/la-massana-andorra\\\/#primaryimage\"},\"thumbnailUrl\":\"https:\\\/\\\/xixerellapark.com\\\/fr\\\/wp-content\\\/uploads\\\/sites\\\/4\\\/Pueblo-de-Pal-en-la-Comarca-de-la-Massana-Andorra.webp\",\"datePublished\":\"2024-01-15T12:17:03+00:00\",\"dateModified\":\"2024-07-29T08:18:55+00:00\",\"description\":\"La Massana Andorra. Esta comarca combina a la perfecci\u00f3n su patrimonio cultural con la belleza natural y las oportunidades para el turismo\",\"breadcrumb\":{\"@id\":\"https:\\\/\\\/xixerellapark.com\\\/fr\\\/la-massana-andorra\\\/#breadcrumb\"},\"inLanguage\":\"es\",\"potentialAction\":[{\"@type\":\"ReadAction\",\"target\":[\"https:\\\/\\\/xixerellapark.com\\\/fr\\\/la-massana-andorra\\\/\"]}]},{\"@type\":\"ImageObject\",\"inLanguage\":\"es\",\"@id\":\"https:\\\/\\\/xixerellapark.com\\\/fr\\\/la-massana-andorra\\\/#primaryimage\",\"url\":\"https:\\\/\\\/xixerellapark.com\\\/fr\\\/wp-content\\\/uploads\\\/sites\\\/4\\\/Pueblo-de-Pal-en-la-Comarca-de-la-Massana-Andorra.webp\",\"contentUrl\":\"https:\\\/\\\/xixerellapark.com\\\/fr\\\/wp-content\\\/uploads\\\/sites\\\/4\\\/Pueblo-de-Pal-en-la-Comarca-de-la-Massana-Andorra.webp\",\"width\":1000,\"height\":667,\"caption\":\"Pueblo de Pal en la Comarca de la Massana Andorra\"},{\"@type\":\"BreadcrumbList\",\"@id\":\"https:\\\/\\\/xixerellapark.com\\\/fr\\\/la-massana-andorra\\\/#breadcrumb\",\"itemListElement\":[{\"@type\":\"ListItem\",\"position\":1,\"name\":\"Portada\",\"item\":\"https:\\\/\\\/xixerellapark.com\\\/fr\\\/\"},{\"@type\":\"ListItem\",\"position\":2,\"name\":\"La Massana Andorra\"}]},{\"@type\":\"WebSite\",\"@id\":\"https:\\\/\\\/xixerellapark.com\\\/fr\\\/#website\",\"url\":\"https:\\\/\\\/xixerellapark.com\\\/fr\\\/\",\"name\":\"Appartements et Camping en Andorre\",\"description\":\"Xixerella Park\",\"publisher\":{\"@id\":\"https:\\\/\\\/xixerellapark.com\\\/fr\\\/#organization\"},\"potentialAction\":[{\"@type\":\"SearchAction\",\"target\":{\"@type\":\"EntryPoint\",\"urlTemplate\":\"https:\\\/\\\/xixerellapark.com\\\/fr\\\/?s={search_term_string}\"},\"query-input\":{\"@type\":\"PropertyValueSpecification\",\"valueRequired\":true,\"valueName\":\"search_term_string\"}}],\"inLanguage\":\"es\"},{\"@type\":\"Organization\",\"@id\":\"https:\\\/\\\/xixerellapark.com\\\/fr\\\/#organization\",\"name\":\"Appartements et Camping en Andorre\",\"url\":\"https:\\\/\\\/xixerellapark.com\\\/fr\\\/\",\"logo\":{\"@type\":\"ImageObject\",\"inLanguage\":\"es\",\"@id\":\"https:\\\/\\\/xixerellapark.com\\\/fr\\\/#\\\/schema\\\/logo\\\/image\\\/\",\"url\":\"https:\\\/\\\/xixerellapark.com\\\/fr\\\/wp-content\\\/uploads\\\/sites\\\/4\\\/Logo-Xixerella-Park.webp\",\"contentUrl\":\"https:\\\/\\\/xixerellapark.com\\\/fr\\\/wp-content\\\/uploads\\\/sites\\\/4\\\/Logo-Xixerella-Park.webp\",\"width\":512,\"height\":483,\"caption\":\"Appartements et Camping en Andorre\"},\"image\":{\"@id\":\"https:\\\/\\\/xixerellapark.com\\\/fr\\\/#\\\/schema\\\/logo\\\/image\\\/\"}}]}<\/script>\n<!-- \/ Yoast SEO plugin. -->","yoast_head_json":{"title":"La Massana Andorra - Appartements et Camping en Andorre","description":"La Massana Andorra. Esta comarca combina a la perfecci\u00f3n su patrimonio cultural con la belleza natural y las oportunidades para el turismo","robots":{"index":"index","follow":"follow","max-snippet":"max-snippet:-1","max-image-preview":"max-image-preview:large","max-video-preview":"max-video-preview:-1"},"canonical":"https:\/\/xixerellapark.com\/fr\/la-massana-andorra\/","og_locale":"es_ES","og_type":"article","og_title":"La Massana Andorra - Appartements et Camping en Andorre","og_description":"La Massana Andorra. Esta comarca combina a la perfecci\u00f3n su patrimonio cultural con la belleza natural y las oportunidades para el turismo","og_url":"https:\/\/xixerellapark.com\/fr\/la-massana-andorra\/","og_site_name":"Appartements et Camping en Andorre","article_modified_time":"2024-07-29T08:18:55+00:00","og_image":[{"url":"https:\/\/xixerellapark.com\/fr\/wp-content\/uploads\/sites\/4\/Pueblo-de-Pal-en-la-Comarca-de-la-Massana-Andorra.webp","type":"","width":"","height":""}],"twitter_card":"summary_large_image","twitter_misc":{"Tiempo de lectura":"2 minutos"},"schema":{"@context":"https:\/\/schema.org","@graph":[{"@type":"WebPage","@id":"https:\/\/xixerellapark.com\/fr\/la-massana-andorra\/","url":"https:\/\/xixerellapark.com\/fr\/la-massana-andorra\/","name":"La Massana Andorra - Appartements et Camping en Andorre","isPartOf":{"@id":"https:\/\/xixerellapark.com\/fr\/#website"},"primaryImageOfPage":{"@id":"https:\/\/xixerellapark.com\/fr\/la-massana-andorra\/#primaryimage"},"image":{"@id":"https:\/\/xixerellapark.com\/fr\/la-massana-andorra\/#primaryimage"},"thumbnailUrl":"https:\/\/xixerellapark.com\/fr\/wp-content\/uploads\/sites\/4\/Pueblo-de-Pal-en-la-Comarca-de-la-Massana-Andorra.webp","datePublished":"2024-01-15T12:17:03+00:00","dateModified":"2024-07-29T08:18:55+00:00","description":"La Massana Andorra. Esta comarca combina a la perfecci\u00f3n su patrimonio cultural con la belleza natural y las oportunidades para el turismo","breadcrumb":{"@id":"https:\/\/xixerellapark.com\/fr\/la-massana-andorra\/#breadcrumb"},"inLanguage":"es","potentialAction":[{"@type":"ReadAction","target":["https:\/\/xixerellapark.com\/fr\/la-massana-andorra\/"]}]},{"@type":"ImageObject","inLanguage":"es","@id":"https:\/\/xixerellapark.com\/fr\/la-massana-andorra\/#primaryimage","url":"https:\/\/xixerellapark.com\/fr\/wp-content\/uploads\/sites\/4\/Pueblo-de-Pal-en-la-Comarca-de-la-Massana-Andorra.webp","contentUrl":"https:\/\/xixerellapark.com\/fr\/wp-content\/uploads\/sites\/4\/Pueblo-de-Pal-en-la-Comarca-de-la-Massana-Andorra.webp","width":1000,"height":667,"caption":"Pueblo de Pal en la Comarca de la Massana Andorra"},{"@type":"BreadcrumbList","@id":"https:\/\/xixerellapark.com\/fr\/la-massana-andorra\/#breadcrumb","itemListElement":[{"@type":"ListItem","position":1,"name":"Portada","item":"https:\/\/xixerellapark.com\/fr\/"},{"@type":"ListItem","position":2,"name":"La Massana Andorra"}]},{"@type":"WebSite","@id":"https:\/\/xixerellapark.com\/fr\/#website","url":"https:\/\/xixerellapark.com\/fr\/","name":"Appartements et Camping en Andorre","description":"Xixerella Park","publisher":{"@id":"https:\/\/xixerellapark.com\/fr\/#organization"},"potentialAction":[{"@type":"SearchAction","target":{"@type":"EntryPoint","urlTemplate":"https:\/\/xixerellapark.com\/fr\/?s={search_term_string}"},"query-input":{"@type":"PropertyValueSpecification","valueRequired":true,"valueName":"search_term_string"}}],"inLanguage":"es"},{"@type":"Organization","@id":"https:\/\/xixerellapark.com\/fr\/#organization","name":"Appartements et Camping en Andorre","url":"https:\/\/xixerellapark.com\/fr\/","logo":{"@type":"ImageObject","inLanguage":"es","@id":"https:\/\/xixerellapark.com\/fr\/#\/schema\/logo\/image\/","url":"https:\/\/xixerellapark.com\/fr\/wp-content\/uploads\/sites\/4\/Logo-Xixerella-Park.webp","contentUrl":"https:\/\/xixerellapark.com\/fr\/wp-content\/uploads\/sites\/4\/Logo-Xixerella-Park.webp","width":512,"height":483,"caption":"Appartements et Camping en Andorre"},"image":{"@id":"https:\/\/xixerellapark.com\/fr\/#\/schema\/logo\/image\/"}}]}},"_links":{"self":[{"href":"https:\/\/xixerellapark.com\/fr\/wp-json\/wp\/v2\/pages\/1714","targetHints":{"allow":["GET"]}}],"collection":[{"href":"https:\/\/xixerellapark.com\/fr\/wp-json\/wp\/v2\/pages"}],"about":[{"href":"https:\/\/xixerellapark.com\/fr\/wp-json\/wp\/v2\/types\/page"}],"author":[{"embeddable":true,"href":"https:\/\/xixerellapark.com\/fr\/wp-json\/wp\/v2\/users\/1"}],"replies":[{"embeddable":true,"href":"https:\/\/xixerellapark.com\/fr\/wp-json\/wp\/v2\/comments?post=1714"}],"version-history":[{"count":13,"href":"https:\/\/xixerellapark.com\/fr\/wp-json\/wp\/v2\/pages\/1714\/revisions"}],"predecessor-version":[{"id":2113,"href":"https:\/\/xixerellapark.com\/fr\/wp-json\/wp\/v2\/pages\/1714\/revisions\/2113"}],"wp:attachment":[{"href":"https:\/\/xixerellapark.com\/fr\/wp-json\/wp\/v2\/media?parent=1714"}],"curies":[{"name":"wp","href":"https:\/\/api.w.org\/{rel}","templated":true}]}}